{"id":3100,"date":"2024-12-02T12:39:04","date_gmt":"2024-12-02T11:39:04","guid":{"rendered":"https:\/\/www.iesluisvelez.org\/portal\/?page_id=3100"},"modified":"2024-12-02T12:50:10","modified_gmt":"2024-12-02T11:50:10","slug":"horario-atencion-tutores-as-a-las-familias","status":"publish","type":"page","link":"https:\/\/www.iesluisvelez.org\/portal\/horario-atencion-tutores-as-a-las-familias\/","title":{"rendered":"Horario atenci\u00f3n Tutores\/as a las Familias"},"content":{"rendered":"\n<p class=\"has-pale-cyan-blue-background-color has-background\"><strong>El horario de atenci\u00f3n por parte de los tutores\/as a las familias ser\u00e1n los LUNES de 16:00 a 17:00 horas.<\/strong><\/p>\n\n\n\n<p>Para solicitar una reuni\u00f3n de tutor\u00eda en el horario indicado se deber\u00e1 <strong>realizar una solicitud previa al tutor\/a<\/strong>, mediante aplicaci\u00f3n iPASEN o llamada telef\u00f3nica.<\/p>\n","protected":false},"excerpt":{"rendered":"<p>El horario de atenci\u00f3n por parte de los tutores\/as a las familias ser\u00e1n los LUNES de 16:00 a 17:00 horas.<\/p>\n","protected":false},"author":1,"featured_media":0,"parent":0,"menu_order":0,"comment_status":"closed","ping_status":"closed","template":"","meta":[],"_links":{"self":[{"href":"https:\/\/www.iesluisvelez.org\/portal\/wp-json\/wp\/v2\/pages\/3100"}],"collection":[{"href":"https:\/\/www.iesluisvelez.org\/portal\/wp-json\/wp\/v2\/pages"}],"about":[{"href":"https:\/\/www.iesluisvelez.org\/portal\/wp-json\/wp\/v2\/types\/page"}],"author":[{"embeddable":true,"href":"https:\/\/www.iesluisvelez.org\/portal\/wp-json\/wp\/v2\/users\/1"}],"replies":[{"embeddable":true,"href":"https:\/\/www.iesluisvelez.org\/portal\/wp-json\/wp\/v2\/comments?post=3100"}],"version-history":[{"count":5,"href":"https:\/\/www.iesluisvelez.org\/portal\/wp-json\/wp\/v2\/pages\/3100\/revisions"}],"predecessor-version":[{"id":3106,"href":"https:\/\/www.iesluisvelez.org\/portal\/wp-json\/wp\/v2\/pages\/3100\/revisions\/3106"}],"wp:attachment":[{"href":"https:\/\/www.iesluisvelez.org\/portal\/wp-json\/wp\/v2\/media?parent=3100"}],"curies":[{"name":"wp","href":"https:\/\/api.w.org\/{rel}","templated":true}]}}