{"id":2540,"date":"2022-10-02T11:05:40","date_gmt":"2022-10-02T09:05:40","guid":{"rendered":"https:\/\/www.iesluisvelez.org\/portal\/?page_id=2540"},"modified":"2023-08-05T12:46:39","modified_gmt":"2023-08-05T10:46:39","slug":"acredita-normativa","status":"publish","type":"page","link":"https:\/\/www.iesluisvelez.org\/portal\/acredita-normativa\/","title":{"rendered":"Acredita &#8211; Normativa"},"content":{"rendered":"\n<ul><li><a rel=\"noreferrer noopener\" href=\"https:\/\/www.boe.es\/boe\/dias\/2023\/07\/22\/pdfs\/BOE-A-2023-16889.pdf\" data-type=\"URL\" data-id=\"https:\/\/www.boe.es\/boe\/dias\/2023\/07\/22\/pdfs\/BOE-A-2023-16889.pdf\" target=\"_blank\">Real Decreto 659\/2023, de 18 de julio &#8211; Desarrollo de la ordenaci\u00f3n del Sistema de Formaci\u00f3n Profesional <strong>(deroga el RD 1224\/2009)<\/strong>.<\/a><ul><li>T\u00edtulo VI (art\u00edculos del 175 al 195) (Normativa b\u00e1sica)<\/li><\/ul><\/li><li><a href=\"https:\/\/www.iesluisvelez.org\/portal\/wp-content\/uploads\/2022\/10\/RD-1224-de-2009-Reconocimiento-experiencia-laboral.pdf\" data-type=\"URL\" data-id=\"https:\/\/www.iesluisvelez.org\/portal\/wp-content\/uploads\/2022\/10\/RD-1224-de-2009-Reconocimiento-experiencia-laboral.pdf\">Real Decreto 1224\/2009 &#8211; Reconocimiento de las competencias profesionales adquiridas por experiencia <\/a><a rel=\"noreferrer noopener\" href=\"https:\/\/www.iesluisvelez.org\/portal\/wp-content\/uploads\/2022\/10\/RD-1224-de-2009-Reconocimiento-experiencia-laboral.pdf\" data-type=\"URL\" data-id=\"https:\/\/www.iesluisvelez.org\/portal\/wp-content\/uploads\/2022\/10\/RD-1224-de-2009-Reconocimiento-experiencia-laboral.pdf\" target=\"_blank\">laboral<\/a><a href=\"https:\/\/www.iesluisvelez.org\/portal\/wp-content\/uploads\/2022\/10\/RD-1224-de-2009-Reconocimiento-experiencia-laboral.pdf\" data-type=\"URL\" data-id=\"https:\/\/www.iesluisvelez.org\/portal\/wp-content\/uploads\/2022\/10\/RD-1224-de-2009-Reconocimiento-experiencia-laboral.pdf\"> <strong>(derogado)<\/strong>.<\/a><\/li><li><a rel=\"noreferrer noopener\" href=\"https:\/\/www.iesluisvelez.org\/portal\/wp-content\/uploads\/2022\/10\/RD-143-de-2021-que-modifica-a-1224-de-2009-Reconocimiento-experiencia-laboral.pdf\" data-type=\"URL\" data-id=\"https:\/\/www.iesluisvelez.org\/portal\/wp-content\/uploads\/2022\/10\/RD-143-de-2021-que-modifica-a-1224-de-2009-Reconocimiento-experiencia-laboral.pdf\" target=\"_blank\">Real Decreto 143\/2021 &#8211; Modificaci\u00f3n del RD 1224\/2009 de reconocimiento de las competencias profesionales adquiridas por experiencia laboral. <\/a><\/li><li><a rel=\"noreferrer noopener\" href=\"https:\/\/www.iesluisvelez.org\/portal\/wp-content\/uploads\/2022\/10\/Orden-de-8-de-junio-de-2021-Organizacion-y-Gestion-PEAC.pdf\" data-type=\"URL\" data-id=\"https:\/\/www.iesluisvelez.org\/portal\/wp-content\/uploads\/2022\/10\/Orden-de-8-de-junio-de-2021-Organizacion-y-Gestion-PEAC.pdf\" target=\"_blank\">Orden 8 junio 2021 &#8211; Organizaci\u00f3n y gesti\u00f3n del procedimiento en Andaluc\u00eda. <\/a><\/li><li><a rel=\"noreferrer noopener\" href=\"https:\/\/www.iesluisvelez.org\/portal\/wp-content\/uploads\/2022\/10\/Instrucciones_Acceso_Formacion_PEAC_220322F.pdf\" data-type=\"URL\" data-id=\"https:\/\/www.iesluisvelez.org\/portal\/wp-content\/uploads\/2022\/10\/Instrucciones_Acceso_Formacion_PEAC_220322F.pdf\" target=\"_blank\">Instrucciones 20 marzo 2022 &#8211; Criterios de admisi\u00f3n de la formaci\u00f3n aportada por las personas solicitantes y otros aspectos relativos al desarrollo del procedimiento.<\/a><\/li><\/ul>\n\n\n\n\n\n<p class=\"has-text-align-center has-luminous-vivid-amber-background-color has-text-color has-background\" style=\"color:#3a2ed1\">Se publica esta normativa a<strong> t\u00edtulo informativo<\/strong>. Es responsabilidad de cada persona candidata estar informada de toda la normativa, requisitos, convocatorias, plazos, etc. del procedimiento, la cual est\u00e1 actualizada en la <strong>web del IACP (<a rel=\"noreferrer noopener\" href=\"https:\/\/www.juntadeandalucia.es\/educacion\/portals\/web\/iacp\" target=\"_blank\">https:\/\/www.juntadeandalucia.es\/educacion\/portals\/web\/iacp<\/a>)<\/strong>. <\/p>\n","protected":false},"excerpt":{"rendered":"<p>Real Decreto 659\/2023, de 18 de julio &#8211; Desarrollo de la ordenaci\u00f3n del Sistema de Formaci\u00f3n Profesional (deroga el RD<\/p>\n","protected":false},"author":2,"featured_media":0,"parent":0,"menu_order":0,"comment_status":"closed","ping_status":"closed","template":"","meta":[],"_links":{"self":[{"href":"https:\/\/www.iesluisvelez.org\/portal\/wp-json\/wp\/v2\/pages\/2540"}],"collection":[{"href":"https:\/\/www.iesluisvelez.org\/portal\/wp-json\/wp\/v2\/pages"}],"about":[{"href":"https:\/\/www.iesluisvelez.org\/portal\/wp-json\/wp\/v2\/types\/page"}],"author":[{"embeddable":true,"href":"https:\/\/www.iesluisvelez.org\/portal\/wp-json\/wp\/v2\/users\/2"}],"replies":[{"embeddable":true,"href":"https:\/\/www.iesluisvelez.org\/portal\/wp-json\/wp\/v2\/comments?post=2540"}],"version-history":[{"count":8,"href":"https:\/\/www.iesluisvelez.org\/portal\/wp-json\/wp\/v2\/pages\/2540\/revisions"}],"predecessor-version":[{"id":2857,"href":"https:\/\/www.iesluisvelez.org\/portal\/wp-json\/wp\/v2\/pages\/2540\/revisions\/2857"}],"wp:attachment":[{"href":"https:\/\/www.iesluisvelez.org\/portal\/wp-json\/wp\/v2\/media?parent=2540"}],"curies":[{"name":"wp","href":"https:\/\/api.w.org\/{rel}","templated":true}]}}