{"id":2391,"date":"2022-06-14T12:47:04","date_gmt":"2022-06-14T10:47:04","guid":{"rendered":"https:\/\/www.iesluisvelez.org\/portal\/?page_id=2391"},"modified":"2025-06-17T22:26:53","modified_gmt":"2025-06-17T20:26:53","slug":"informacion-escolarizacion-fp","status":"publish","type":"page","link":"https:\/\/www.iesluisvelez.org\/portal\/informacion-escolarizacion-fp\/","title":{"rendered":"Informaci\u00f3n sobre Escolarizaci\u00f3n FP &#8211; Curso 2025\/2026"},"content":{"rendered":"\n<h4 class=\"has-text-align-center has-text-color\" style=\"color:#1818b9\"><strong>SOLICITUD DE ADMISI\u00d3N EN CICLOS FORMATIVOS DE FORMACI\u00d3N PROFESIONAL<\/strong><\/h4>\n\n\n\n<p class=\"has-text-align-center\"><em>La informaci\u00f3n que se muestra en esta p\u00e1gina va <strong>dirigida al alumnado que desee acceder a un ciclo formativo<\/strong>. El alumnado de nuestro centro que ya se encuentre matriculado en un ciclo formativo y vaya a continuar sus estudios en el mismo ciclo formativo y centro debe consultar los plazos de matriculaci\u00f3n, no los de admisi\u00f3n.<\/em><\/p>\n\n\n\n<h5 class=\"has-text-align-center has-background\" style=\"background-color:#f2f697\"><strong>Plazo de solicitud de admisi\u00f3n (Grado B\u00e1sico, Medio y Superior)<\/strong> <strong>del 15 al 30 de junio de 2025<\/strong><\/h5>\n\n\n\n<p class=\"has-white-color has-vivid-green-cyan-background-color has-text-color has-background\"><strong>Es MUY IMPORTANTE consultar el listado provisional de solicitantes, ya que en \u00e9l se realizan los requerimientos que procedan para subsanar errores o aportar documentaci\u00f3n en el periodo de alegaciones. <\/strong>\u00c9ste es el TR\u00c1MITE DE AUDIENCIA a los solicitantes.<\/p>\n\n\n\n<p class=\"has-vivid-red-color has-text-color\"><strong>1\u00ba SI EST\u00c1S INTERESADO\/A EN ESTUDIAR EN FORMACI\u00d3N PROFESIONAL:<\/strong><\/p>\n\n\n\n<ul><li><strong>Informaci\u00f3n <\/strong>sobre ciclos formativos:<ul><li><a rel=\"noreferrer noopener\" href=\"https:\/\/www.youtube.com\/watch?v=1-su2x-AsqM\" data-type=\"URL\" data-id=\"https:\/\/www.youtube.com\/watch?v=1-su2x-AsqM\" target=\"_blank\"><strong>Grado Medio y Superior (V\u00eddeo)<\/strong><\/a><\/li><li><a rel=\"noreferrer noopener\" href=\"https:\/\/www.youtube.com\/watch?v=CDG-b_QKLDE\" target=\"_blank\"><strong>Grado B\u00e1sico (V\u00eddeo)<\/strong><\/a><\/li><\/ul><\/li><li><strong>Cat\u00e1logo de t\u00edtulos<\/strong> (entorno profesional, m\u00f3dulos profesionales, d\u00f3nde estudiar, nota de corte, etc. )<ul><li><a rel=\"noreferrer noopener\" href=\"https:\/\/www.juntadeandalucia.es\/educacion\/portales\/web\/formacion-profesional-andaluza\/grado-basico-catalogo-titulos\" data-type=\"URL\" target=\"_blank\">Grado B\u00e1sico<\/a><\/li><li><a rel=\"noreferrer noopener\" href=\"https:\/\/www.juntadeandalucia.es\/educacion\/portals\/web\/formacion-profesional-andaluza\/docente\/ensenanzas\/fp-grado-medio\/catalogo\" target=\"_blank\" data-type=\"URL\">Grado Medio<\/a><\/li><li><a href=\"https:\/\/www.juntadeandalucia.es\/educacion\/portales\/web\/formacion-profesional-andaluza\/grado-superior-catalogo-de-titulos\" data-type=\"URL\" target=\"_blank\" rel=\"noreferrer noopener\">Grado Superior<\/a><\/li><\/ul><\/li><\/ul>\n\n\n\n<p><\/p>\n\n\n\n<p class=\"has-vivid-red-color has-text-color\"><strong>2\u00ba SI HAS DECIDIDO ESTUDIAR UN CICLO FORMATIVO:<\/strong><\/p>\n\n\n\n<p class=\"has-vivid-red-color has-text-color\"><strong><em>Calendarios y plazos<\/em><\/strong>:<\/p>\n\n\n\n<ul><li><a href=\"https:\/\/www.iesluisvelez.org\/portal\/wp-content\/uploads\/2025\/06\/Calendarios-Escolarizacion-ciclos-que-ofertamos-1.pdf\" data-type=\"URL\" data-id=\"https:\/\/www.iesluisvelez.org\/portal\/wp-content\/uploads\/2025\/06\/Calendarios-Escolarizacion-ciclos-que-ofertamos-1.pdf\" target=\"_blank\" rel=\"noreferrer noopener\">Calendario de Admisi\u00f3n en ciclos <strong>de Grado B\u00e1sico, Medio y Superior (fichero PDF)<\/strong><\/a><\/li><\/ul>\n\n\n\n<p class=\"has-vivid-red-color has-text-color\"><strong><em>Para tramitar tu solicitud de admisi\u00f3n<\/em><\/strong>:<\/p>\n\n\n\n<p class=\"has-text-align-center has-background\" style=\"background-color:#f2f697\"><strong><u>IMPORTANTE<\/u>: <\/strong>No confundir ADMISI\u00d3N con MATRICULACI\u00d3N, son tr\u00e1mites diferentes, cada uno con sus plazos.<\/p>\n\n\n\n<ul><li><a rel=\"noreferrer noopener\" href=\"https:\/\/www.juntadeandalucia.es\/educacion\/secretariavirtual\/solicitudes\/\" data-type=\"URL\" data-id=\"https:\/\/www.juntadeandalucia.es\/educacion\/secretariavirtual\/solicitudes\/\" target=\"_blank\"><strong>Solicitudes de <u>admisi\u00f3n<\/u> en ciclos desde Secretar\u00eda Virtual <\/strong>de la Consejer\u00eda de Educaci\u00f3n (<strong>disponible desde el 15 de junio<\/strong>)<strong> (Enlace web)<\/strong><\/a><\/li><\/ul>\n\n\n\n<p class=\"has-vivid-red-color has-text-color\"><strong><em>Diagrama del proceso de admisi\u00f3n y matriculaci\u00f3n en Grado B\u00e1sico, Medio y Superior<\/em><\/strong>:<\/p>\n\n\n\n<ul><li><strong>Procedimiento Ordinario (junio y julio)<\/strong>. Conoce con el siguiente diagrama todo el procedimiento que sigue tu solicitud desde que la presentas, para saber qu\u00e9 informaci\u00f3n tienes que consultar y qu\u00e9 tienes que hacer en cada momento.<\/li><\/ul>\n\n\n\n<p class=\"has-text-align-center has-background\" style=\"background-color:#f8b9b7\"><strong>RECUERDA: <\/strong>Si no realizas <strong>matr\u00edcula o reserva<\/strong> tras cada adjudicaci\u00f3n,<strong> quedar\u00e1s excluido\/a del procedimiento<\/strong>. En la 1\u00aa adjudicaci\u00f3n puedes hacer matr\u00edcula o reserva, mientras que en la 2\u00aa \u00fanicamente puedes realizar matr\u00edcula.<\/p>\n\n\n\n<p><\/p>\n\n\n\n<figure class=\"wp-block-gallery columns-1 is-cropped\"><ul class=\"blocks-gallery-grid\"><li class=\"blocks-gallery-item\"><figure><img loading=\"lazy\" width=\"837\" height=\"863\" src=\"https:\/\/www.iesluisvelez.org\/portal\/wp-content\/uploads\/2025\/06\/Esquema-Admision-en-1o.png\" alt=\"\" data-id=\"3179\" data-full-url=\"https:\/\/www.iesluisvelez.org\/portal\/wp-content\/uploads\/2025\/06\/Esquema-Admision-en-1o.png\" data-link=\"https:\/\/www.iesluisvelez.org\/portal\/informacion-escolarizacion-fp\/esquema-admision-en-1o\/\" class=\"wp-image-3179\" srcset=\"https:\/\/www.iesluisvelez.org\/portal\/wp-content\/uploads\/2025\/06\/Esquema-Admision-en-1o.png 837w, https:\/\/www.iesluisvelez.org\/portal\/wp-content\/uploads\/2025\/06\/Esquema-Admision-en-1o-291x300.png 291w, https:\/\/www.iesluisvelez.org\/portal\/wp-content\/uploads\/2025\/06\/Esquema-Admision-en-1o-768x792.png 768w\" sizes=\"(max-width: 837px) 100vw, 837px\" \/><\/figure><\/li><\/ul><\/figure>\n","protected":false},"excerpt":{"rendered":"<p>SOLICITUD DE ADMISI\u00d3N EN CICLOS FORMATIVOS DE FORMACI\u00d3N PROFESIONAL La informaci\u00f3n que se muestra en esta p\u00e1gina va dirigida al<\/p>\n","protected":false},"author":2,"featured_media":0,"parent":0,"menu_order":0,"comment_status":"closed","ping_status":"closed","template":"","meta":[],"_links":{"self":[{"href":"https:\/\/www.iesluisvelez.org\/portal\/wp-json\/wp\/v2\/pages\/2391"}],"collection":[{"href":"https:\/\/www.iesluisvelez.org\/portal\/wp-json\/wp\/v2\/pages"}],"about":[{"href":"https:\/\/www.iesluisvelez.org\/portal\/wp-json\/wp\/v2\/types\/page"}],"author":[{"embeddable":true,"href":"https:\/\/www.iesluisvelez.org\/portal\/wp-json\/wp\/v2\/users\/2"}],"replies":[{"embeddable":true,"href":"https:\/\/www.iesluisvelez.org\/portal\/wp-json\/wp\/v2\/comments?post=2391"}],"version-history":[{"count":51,"href":"https:\/\/www.iesluisvelez.org\/portal\/wp-json\/wp\/v2\/pages\/2391\/revisions"}],"predecessor-version":[{"id":3183,"href":"https:\/\/www.iesluisvelez.org\/portal\/wp-json\/wp\/v2\/pages\/2391\/revisions\/3183"}],"wp:attachment":[{"href":"https:\/\/www.iesluisvelez.org\/portal\/wp-json\/wp\/v2\/media?parent=2391"}],"curies":[{"name":"wp","href":"https:\/\/api.w.org\/{rel}","templated":true}]}}