{"id":193,"date":"2019-07-14T17:56:51","date_gmt":"2019-07-14T15:56:51","guid":{"rendered":"https:\/\/www.iesluisvelez.org\/portal\/?page_id=193"},"modified":"2019-07-14T17:56:52","modified_gmt":"2019-07-14T15:56:52","slug":"webs-de-ecija","status":"publish","type":"page","link":"https:\/\/www.iesluisvelez.org\/portal\/webs-de-ecija\/","title":{"rendered":"Webs de \u00c9cija"},"content":{"rendered":"\n<ul><li><a rel=\"noreferrer noopener\" aria-label=\" (abre en una nueva pesta\u00f1a)\" href=\"http:\/\/www.ecija.es\/\" target=\"_blank\">Ayuntamiento<\/a><\/li><li><a rel=\"noreferrer noopener\" aria-label=\" (abre en una nueva pesta\u00f1a)\" href=\"http:\/\/www.turismoecija.com\/\" target=\"_blank\">Turismo \u00c9cija<\/a><\/li><li><a rel=\"noreferrer noopener\" aria-label=\" (abre en una nueva pesta\u00f1a)\" href=\"https:\/\/www.bibliotecaspublicas.es\/ecija\/index.jsp\" target=\"_blank\">Biblioteca P\u00fablica Municipal<\/a><\/li><li><a rel=\"noreferrer noopener\" aria-label=\" (abre en una nueva pesta\u00f1a)\" href=\"http:\/\/museo.ecija.es\/\" target=\"_blank\">Museo Hist\u00f3rico Municipal de \u00c9cija<\/a><\/li><li><a rel=\"noreferrer noopener\" aria-label=\" (abre en una nueva pesta\u00f1a)\" href=\"http:\/\/teatro.ecija.es\/\" target=\"_blank\">Teatro Municipal de \u00c9cija<\/a><\/li><li><a rel=\"noreferrer noopener\" aria-label=\" (abre en una nueva pesta\u00f1a)\" href=\"http:\/\/www.ciberecija.com\/\" target=\"_blank\">Ciberecija<\/a><\/li><li><a rel=\"noreferrer noopener\" aria-label=\" (abre en una nueva pesta\u00f1a)\" href=\"https:\/\/www.paginadeunecijano.com\/\" target=\"_blank\">P\u00e1gina de un ecijano<\/a><\/li><li><a rel=\"noreferrer noopener\" aria-label=\" (abre en una nueva pesta\u00f1a)\" href=\"https:\/\/es.wikipedia.org\/wiki\/%C3%89cija\" target=\"_blank\">\u00c9cija en Wikipedia<\/a><\/li><li><a rel=\"noreferrer noopener\" aria-label=\" (abre en una nueva pesta\u00f1a)\" href=\"https:\/\/www.iesnicolascopernico.com\/\" target=\"_blank\">IES Nicol\u00e1s Cop\u00e9rnico<\/a><\/li><li><a rel=\"noreferrer noopener\" aria-label=\" (abre en una nueva pesta\u00f1a)\" href=\"https:\/\/iessanfulgencio.org\/\" target=\"_blank\">IES San Fulgencio<\/a><\/li><li><a href=\"http:\/\/www.safaecija.org\/\" target=\"_blank\" rel=\"noreferrer noopener\" aria-label=\" (abre en una nueva pesta\u00f1a)\">SAFA de \u00c9cija<\/a><\/li><\/ul>\n","protected":false},"excerpt":{"rendered":"<p>Ayuntamiento Turismo \u00c9cija Biblioteca P\u00fablica Municipal Museo Hist\u00f3rico Municipal de \u00c9cija Teatro Municipal de \u00c9cija Ciberecija P\u00e1gina de un ecijano<\/p>\n","protected":false},"author":1,"featured_media":0,"parent":0,"menu_order":0,"comment_status":"closed","ping_status":"closed","template":"","meta":[],"_links":{"self":[{"href":"https:\/\/www.iesluisvelez.org\/portal\/wp-json\/wp\/v2\/pages\/193"}],"collection":[{"href":"https:\/\/www.iesluisvelez.org\/portal\/wp-json\/wp\/v2\/pages"}],"about":[{"href":"https:\/\/www.iesluisvelez.org\/portal\/wp-json\/wp\/v2\/types\/page"}],"author":[{"embeddable":true,"href":"https:\/\/www.iesluisvelez.org\/portal\/wp-json\/wp\/v2\/users\/1"}],"replies":[{"embeddable":true,"href":"https:\/\/www.iesluisvelez.org\/portal\/wp-json\/wp\/v2\/comments?post=193"}],"version-history":[{"count":1,"href":"https:\/\/www.iesluisvelez.org\/portal\/wp-json\/wp\/v2\/pages\/193\/revisions"}],"predecessor-version":[{"id":194,"href":"https:\/\/www.iesluisvelez.org\/portal\/wp-json\/wp\/v2\/pages\/193\/revisions\/194"}],"wp:attachment":[{"href":"https:\/\/www.iesluisvelez.org\/portal\/wp-json\/wp\/v2\/media?parent=193"}],"curies":[{"name":"wp","href":"https:\/\/api.w.org\/{rel}","templated":true}]}}