{"id":191,"date":"2019-07-14T17:56:24","date_gmt":"2019-07-14T15:56:24","guid":{"rendered":"https:\/\/www.iesluisvelez.org\/portal\/?page_id=191"},"modified":"2021-02-23T23:43:13","modified_gmt":"2021-02-23T22:43:13","slug":"webs-de-educacion","status":"publish","type":"page","link":"https:\/\/www.iesluisvelez.org\/portal\/webs-de-educacion\/","title":{"rendered":"Webs de Educaci\u00f3n"},"content":{"rendered":"\n<ul><li><a rel=\"noreferrer noopener\" aria-label=\" (abre en una nueva pesta\u00f1a)\" href=\"http:\/\/www.juntadeandalucia.es\/educacion\/portals\/web\/ced#tabContentNovedades\" target=\"_blank\">Junta de Andaluc\u00eda &#8211; Novedades<\/a><\/li><li><a rel=\"noreferrer noopener\" aria-label=\" (abre en una nueva pesta\u00f1a)\" href=\"http:\/\/www.juntadeandalucia.es\/educacion\/webportal\/web\/delegacion-sevilla\" target=\"_blank\">Junta de Andaluc\u00eda &#8211; Delegaci\u00f3n de Sevilla<\/a><\/li><li><a rel=\"noreferrer noopener\" aria-label=\" (abre en una nueva pesta\u00f1a)\" href=\"https:\/\/www.juntadeandalucia.es\/educacion\/pasen\/\" target=\"_blank\">Junta de Andaluc\u00eda &#8211; Pasen<\/a><\/li><li><a rel=\"noreferrer noopener\" aria-label=\" (abre en una nueva pesta\u00f1a)\" href=\"https:\/\/www.juntadeandalucia.es\/educacion\/portalseneca\/web\/seneca\/inicio\" target=\"_blank\">Junta de Andaluc\u00eda &#8211; S\u00e9neca<\/a><\/li><li><a href=\"http:\/\/www.juntadeandalucia.es\/educacion\/portals\/web\/cep-osuna-ecija\">Junta de Andaluc\u00eda &#8211; CEP Osuna-<\/a><a rel=\"noreferrer noopener\" aria-label=\"\u00c9cija (abre en una nueva pesta\u00f1a)\" href=\"http:\/\/www.juntadeandalucia.es\/educacion\/portals\/web\/cep-osuna-ecija\" target=\"_blank\">\u00c9cija<\/a><\/li><li><a rel=\"noreferrer noopener\" aria-label=\" (abre en una nueva pesta\u00f1a)\" href=\"http:\/\/www.juntadeandalucia.es\/educacion\/portals\/web\/formacion-profesional-andaluza\" target=\"_blank\">Junta de Andaluc\u00eda &#8211; Portal de FP<\/a><\/li><li><a href=\"https:\/\/www.juntadeandalucia.es\/educacion\/portals\/web\/transformacion-digital-educativa\/inicio\" target=\"_blank\" rel=\"noreferrer noopener\" aria-label=\"Junta de Andaluc\u00eda - Transformaci\u00f3n Digital Educativa (abre en una nueva pesta\u00f1a)\">Junta de Andaluc\u00eda &#8211; Transformaci\u00f3n Digital Educativa<\/a><\/li><li><a rel=\"noreferrer noopener\" aria-label=\" (abre en una nueva pesta\u00f1a)\" href=\"http:\/\/www.erasmusplus.gob.es\/\" target=\"_blank\">Eramus+ &#8211; Portal Nacional<\/a><\/li><\/ul>\n","protected":false},"excerpt":{"rendered":"<p>Junta de Andaluc\u00eda &#8211; Novedades Junta de Andaluc\u00eda &#8211; Delegaci\u00f3n de Sevilla Junta de Andaluc\u00eda &#8211; Pasen Junta de Andaluc\u00eda<\/p>\n","protected":false},"author":1,"featured_media":0,"parent":0,"menu_order":0,"comment_status":"closed","ping_status":"closed","template":"","meta":[],"_links":{"self":[{"href":"https:\/\/www.iesluisvelez.org\/portal\/wp-json\/wp\/v2\/pages\/191"}],"collection":[{"href":"https:\/\/www.iesluisvelez.org\/portal\/wp-json\/wp\/v2\/pages"}],"about":[{"href":"https:\/\/www.iesluisvelez.org\/portal\/wp-json\/wp\/v2\/types\/page"}],"author":[{"embeddable":true,"href":"https:\/\/www.iesluisvelez.org\/portal\/wp-json\/wp\/v2\/users\/1"}],"replies":[{"embeddable":true,"href":"https:\/\/www.iesluisvelez.org\/portal\/wp-json\/wp\/v2\/comments?post=191"}],"version-history":[{"count":2,"href":"https:\/\/www.iesluisvelez.org\/portal\/wp-json\/wp\/v2\/pages\/191\/revisions"}],"predecessor-version":[{"id":1869,"href":"https:\/\/www.iesluisvelez.org\/portal\/wp-json\/wp\/v2\/pages\/191\/revisions\/1869"}],"wp:attachment":[{"href":"https:\/\/www.iesluisvelez.org\/portal\/wp-json\/wp\/v2\/media?parent=191"}],"curies":[{"name":"wp","href":"https:\/\/api.w.org\/{rel}","templated":true}]}}